{"id":259,"date":"2021-09-09T08:34:50","date_gmt":"2021-09-09T08:34:50","guid":{"rendered":"https:\/\/bonosvalencia.atic.green\/?page_id=259"},"modified":"2025-08-04T15:30:31","modified_gmt":"2025-08-04T13:30:31","slug":"informacion-para-el-comerciante","status":"publish","type":"page","link":"https:\/\/alcoibonsconsum.es\/es\/informacion-para-el-comerciante\/","title":{"rendered":"Informaci\u00f3n para el comerciante"},"content":{"rendered":"<p>[vc_row][vc_column][vc_column_text]<\/p>\n<h1>INFORMACI\u00d3N PARA EL COMERCIO<\/h1>\n<p>[\/vc_column_text][\/vc_column][\/vc_row][vc_row el_class=\u00bbtextos_pdf\u00bb][vc_column][vc_column_text]<strong>QU\u00c9 ES EL BONO DIGITAL \u00abJOVEN MERCAT\u00bb ALCOI<\/strong><\/p>\n<p>El Ajuntament d\u2019Alcoi otorga, en colaboraci\u00f3n con la C\u00e1mara de Comercio y la Generalitat Valenciana, subvenciones en forma de bonos consumo para ser utilizados en los comercios ubicados en los mercados municipales de San Roque, San Mateo y Zona Norte, y que se adhieran a la campa\u00f1a, con la finalidad de fidelizar y captar nuevos consumidores.<\/p>\n<p>El \u00e1mbito de actuaci\u00f3n es el t\u00e9rmino municipal de Alcoi y sus mercados municipales. Por tanto, podr\u00e1n adherirse a la campa\u00f1a todos los establecimientos que cumplan las condiciones de participaci\u00f3n contenidas en las bases y que est\u00e9n situados en los mercados municipales.<\/p>\n<p><strong>REQUISITOS DE ADHESI\u00d3N A LA CAMPA\u00d1A BONO DIGITAL \u00abJOVE MERCAT\u00bb ALCOI<\/strong><\/p>\n<p>Se podr\u00e1n adherir a la web de la campa\u00f1a www.alcoibonsconsum.es los negocios abiertos al p\u00fablico situados en los mercados municipales de Alcoi que est\u00e9n dados de alta y que cumplan los requisitos establecidos en las bases reguladoras.<\/p>\n<p>Los participantes tendr\u00e1n que acreditar los requisitos con la aportaci\u00f3n del certificado de situaci\u00f3n en el censo de actividades econ\u00f3micas de la Agencia Estatal de la Administraci\u00f3n Tributaria (AEAT).<\/p>\n<p>La empresa interesada la remitir\u00e1 la C\u00e1mara de Comercio, a trav\u00e9s del portal web www.alcoibonsconsum.es.<\/p>\n<p>Las empresas adheridas a la campa\u00f1a tendr\u00e1n la consideraci\u00f3n de entidades colaboradoras.<\/p>\n<p>&nbsp;<\/p>\n<p><strong>C\u00d3MO ADHERIRSE A LA CAMPA\u00d1A BONO DIGITAL \u00abJOVE MERCAT\u00bb ALCOI<\/strong><\/p>\n<p>Los establecimientos que participan en la campa\u00f1a se tendr\u00e1n que inscribir en un formulario previamente habilitado en esta p\u00e1gina y en el que tendr\u00e1n que detallar los siguientes datos del establecimiento beneficiario:<\/p>\n<ul>\n<li>CIF del establecimiento donde figure la raz\u00f3n social, el n\u00famero identificativo y la direcci\u00f3n<\/li>\n<li>Tel\u00e9fono<\/li>\n<li>Direcci\u00f3n electr\u00f3nica<\/li>\n<li>N\u00famero de cuenta bancaria y certificado de titularidad<\/li>\n<li>Alta del IAE (se puede obtener pidiendo el certificado directamente a Hacienda a trav\u00e9s de la Sede Electr\u00f3nica o con los modelos 036 y 037 de declaraci\u00f3n censal, 200 y 202 de impuesto de sociedades y el 131 de pago a cuenta de personas f\u00edsicas).<\/li>\n<\/ul>\n<p>Una vez introducidos los datos, la C\u00e1mara de Comercio verificar\u00e1 la idoneidad del establecimiento para la participaci\u00f3n en la campa\u00f1a y, en caso de que cumpla los requisitos, se aceptar\u00e1 como beneficiario el establecimiento. En caso de que se tenga que subsanar alguno de los datos, recibir\u00e1 un mail con la informaci\u00f3n necesaria para realizar la enmienda o enmiendas. El establecimiento deber\u00e1 contestar y, en su caso, enviar la enmienda o enmiendas antes de los dos d\u00edas desde la recepci\u00f3n.<\/p>\n<p><strong>INSTRUCCIONES PARA LA INSCRIPCI\u00d3N EN EL BONO DIGITAL \u00abJOVE MERCAT\u00bb ALCOI<\/strong><\/p>\n<p>Deber\u00e1n cumplimentarse todos los campos obligatorios que aparecen en el formulario de adhesi\u00f3n.<\/p>\n<p>El comerciante aportar\u00e1 la informaci\u00f3n requerida para que pueda ser visualizada por los potenciales clientes a trav\u00e9s de la web www.alcoibonsconsum.es.<\/p>\n<p>Se deber\u00e1 adjuntar el documento acreditativo del ep\u00edgrafe del IAE en el que est\u00e1 dado de alta el comercio participante y el certificado de la cuenta bancaria.<\/p>\n<p>Los campos que quedan por completar aparecer\u00e1n en rojo en la parte inferior de la pantalla.<\/p>\n<p>Para participar en la campa\u00f1a, ser\u00e1 necesario aceptar la declaraci\u00f3n responsable y las condiciones que aparecen en la pantalla.<\/p>\n<p>Una vez realizados los pasos anteriores, aparecer\u00e1 el bot\u00f3n de Enviar.<\/p>\n<p>Si est\u00e1 todo correcto, en los pr\u00f3ximos d\u00edas, el comercio aparecer\u00e1 en la web en la relaci\u00f3n de establecimientos adheridos en el sector que haya seleccionado.<\/p>\n<p>Recibir\u00e1 un correo electr\u00f3nico en caso de que sea necesaria la subsanaci\u00f3n de alg\u00fan requisito para proceder a la adhesi\u00f3n.<\/p>\n<p>Los negocios que dispongan de un \u00fanico CIF, pero que tengan m\u00e1s de un establecimiento que cumpla los requisitos de la campa\u00f1a Bono Digital \u00abJove Mercat\u00bb Alcoi, deber\u00e1n adherirlos todos de forma individual.<\/p>\n<p>&nbsp;<\/p>\n<p><strong>CU\u00c1NDO PODRAN ACUDIR LOS CLIENTES O CLIENTES A COMPRAR CON EL BONO DIGITAL \u00abJOVE MERCAT\u00bb ALCOI<\/strong><\/p>\n<p>Podr\u00e1n beneficiarse de la campa\u00f1a las personas f\u00edsicas empadronadas en Alcoi con edades comprendidas entre 18 y 30 a\u00f1os (ambos inclusive) en el momento de la solicitud.<\/p>\n<p>Las personas beneficiarias deben encontrarse al corriente del pago de impuestos, tasas y otras obligaciones econ\u00f3micas con el ayuntamiento.<\/p>\n<p>Cualquier cliente podr\u00e1 utilizar los bonos en un establecimiento adherido desde el 8 al 30 de septiembre de 2025.<\/p>\n<p>Los consumidores presentar\u00e1n el n\u00famero identificador del bono como pago de la compra que realicen en cualquiera de los establecimientos adheridos a la campa\u00f1a. Podr\u00e1n presentarlo en formato electr\u00f3nico con la aplicaci\u00f3n \u201cBono Consume Alcoy\u201d.<\/p>\n<p>Para poder aplicar el bono, ser\u00e1 necesario que el cliente o clienta presente el NIF o el NIE antes de efectuar el pago en el establecimiento.<\/p>\n<p>La utilizaci\u00f3n de los bonos es compatible con cualquier tipo de descuento, oferta o rebaja disponible en el establecimiento para el producto que se desee adquirir.<\/p>\n<p>El listado de establecimientos adheridos en los que se podr\u00e1n cambiar los bonos se puede encontrar en la p\u00e1gina web de la campa\u00f1a.<\/p>\n<p>Los comerciantes tendr\u00e1n que entrar obligatoriamente en la plataforma habilitada con su identificaci\u00f3n de establecimiento y vincular el c\u00f3digo correspondiente al bono con la compra realizada por el cliente en su establecimiento. As\u00ed, el bono quedar\u00e1 desactivado y se impide su reutilizaci\u00f3n.<\/p>\n<p>En el momento del cambio del bono, el comprador deber\u00e1 mostrar su DNI al comerciante para que \u00e9ste pueda asegurarse de que coincide con el del bono.<\/p>\n<p>Llegada la fecha del 1 de octubre de 2025, los bonos no utilizados quedar\u00e1n sin efecto, sin posibilidad de reintegro ni renovaci\u00f3n.<\/p>\n<p>Todos aquellos bonos que no se hayan cambiado de forma v\u00e1lida por los establecimientos, en tiempo y forma a fecha 30 de septiembre de 2025, no podr\u00e1n ser abonados al establecimiento.<\/p>\n<p><strong>RESOLUCI\u00d3N DE CONSULTAS<\/strong><\/p>\n<p>En todo momento, con un horario de 9 ha 14 h, de lunes a viernes, los comercios adheridos a la campa\u00f1a contar\u00e1n con un soporte t\u00e9cnico de la C\u00e1mara de Comercio a trav\u00e9s de atenci\u00f3n telef\u00f3nica en el 96 512 91 03 y, tambi\u00e9n, a trav\u00e9s de la direcci\u00f3n electr\u00f3nica info@alcoibonsconsum.es. Por estos dos medios se les facilitar\u00e1 soporte en materia de cambio de bonos y cualquier otra petici\u00f3n de ayuda que pueda precisar el establecimiento en el proceso de adhesi\u00f3n.[\/vc_column_text][\/vc_column][\/vc_row]<\/p>\n","protected":false},"excerpt":{"rendered":"<p>[vc_row][vc_column][vc_column_text] INFORMACI\u00d3N PARA EL COMERCIO [\/vc_column_text][\/vc_column][\/vc_row][vc_row el_class=\u00bbtextos_pdf\u00bb][vc_column][vc_column_text]QU\u00c9 ES EL BONO DIGITAL \u00abJOVEN MERCAT\u00bb ALCOI El Ajuntament d\u2019Alcoi otorga, en colaboraci\u00f3n con la C\u00e1mara de Comercio y la Generalitat Valenciana, subvenciones en forma de bonos consumo para ser utilizados en los comercios ubicados en los mercados municipales de San Roque, San Mateo y Zona Norte, y [&hellip;]<\/p>\n","protected":false},"author":6,"featured_media":0,"parent":0,"menu_order":0,"comment_status":"closed","ping_status":"closed","template":"","meta":{"footnotes":""},"class_list":["post-259","page","type-page","status-publish","hentry"],"yoast_head":"<!-- This site is optimized with the Yoast SEO plugin v25.6 - https:\/\/yoast.com\/wordpress\/plugins\/seo\/ -->\n<title>Informaci\u00f3n para el comerciante - Bono \u00abJOVE MERCAT\u00bb Alcoy<\/title>\n<meta name=\"robots\" content=\"index, follow, max-snippet:-1, max-image-preview:large, max-video-preview:-1\" \/>\n<link rel=\"canonical\" href=\"https:\/\/alcoibonsconsum.es\/informacion-para-el-comerciante\/\" \/>\n<meta property=\"og:locale\" content=\"es_ES\" \/>\n<meta property=\"og:type\" content=\"article\" \/>\n<meta property=\"og:title\" content=\"Informaci\u00f3n para el comerciante - Bono \u00abJOVE MERCAT\u00bb Alcoy\" \/>\n<meta property=\"og:description\" content=\"[vc_row][vc_column][vc_column_text] INFORMACI\u00d3N PARA EL COMERCIO [\/vc_column_text][\/vc_column][\/vc_row][vc_row el_class=\u00bbtextos_pdf\u00bb][vc_column][vc_column_text]QU\u00c9 ES EL BONO DIGITAL \u00abJOVEN MERCAT\u00bb ALCOI El Ajuntament d\u2019Alcoi otorga, en colaboraci\u00f3n con la C\u00e1mara de Comercio y la Generalitat Valenciana, subvenciones en forma de bonos consumo para ser utilizados en los comercios ubicados en los mercados municipales de San Roque, San Mateo y Zona Norte, y [&hellip;]\" \/>\n<meta property=\"og:url\" content=\"https:\/\/alcoibonsconsum.es\/informacion-para-el-comerciante\/\" \/>\n<meta property=\"og:site_name\" content=\"Bono \u00abJOVE MERCAT\u00bb Alcoy\" \/>\n<meta property=\"article:modified_time\" content=\"2025-08-04T13:30:31+00:00\" \/>\n<meta name=\"twitter:card\" content=\"summary_large_image\" \/>\n<meta name=\"twitter:label1\" content=\"Tiempo de lectura\" \/>\n\t<meta name=\"twitter:data1\" content=\"5 minutos\" \/>\n<script type=\"application\/ld+json\" class=\"yoast-schema-graph\">{\"@context\":\"https:\/\/schema.org\",\"@graph\":[{\"@type\":\"WebPage\",\"@id\":\"https:\/\/alcoibonsconsum.es\/informacion-para-el-comerciante\/\",\"url\":\"https:\/\/alcoibonsconsum.es\/informacion-para-el-comerciante\/\",\"name\":\"Informaci\u00f3n para el comerciante - Bono \u00abJOVE MERCAT\u00bb Alcoy\",\"isPartOf\":{\"@id\":\"https:\/\/alcoibonsconsum.es\/#website\"},\"datePublished\":\"2021-09-09T08:34:50+00:00\",\"dateModified\":\"2025-08-04T13:30:31+00:00\",\"breadcrumb\":{\"@id\":\"https:\/\/alcoibonsconsum.es\/informacion-para-el-comerciante\/#breadcrumb\"},\"inLanguage\":\"es\",\"potentialAction\":[{\"@type\":\"ReadAction\",\"target\":[\"https:\/\/alcoibonsconsum.es\/informacion-para-el-comerciante\/\"]}]},{\"@type\":\"BreadcrumbList\",\"@id\":\"https:\/\/alcoibonsconsum.es\/informacion-para-el-comerciante\/#breadcrumb\",\"itemListElement\":[{\"@type\":\"ListItem\",\"position\":1,\"name\":\"Portada\",\"item\":\"https:\/\/alcoibonsconsum.es\/es\/\"},{\"@type\":\"ListItem\",\"position\":2,\"name\":\"Informaci\u00f3n para el comerciante\"}]},{\"@type\":\"WebSite\",\"@id\":\"https:\/\/alcoibonsconsum.es\/#website\",\"url\":\"https:\/\/alcoibonsconsum.es\/\",\"name\":\"Bono \u00abJOVE MERCAT\u00bb Alcoy\",\"description\":\"Bono \u00abJOVE MERCAT\u00bb Alcoy\",\"potentialAction\":[{\"@type\":\"SearchAction\",\"target\":{\"@type\":\"EntryPoint\",\"urlTemplate\":\"https:\/\/alcoibonsconsum.es\/?s={search_term_string}\"},\"query-input\":{\"@type\":\"PropertyValueSpecification\",\"valueRequired\":true,\"valueName\":\"search_term_string\"}}],\"inLanguage\":\"es\"}]}<\/script>\n<!-- \/ Yoast SEO plugin. -->","yoast_head_json":{"title":"Informaci\u00f3n para el comerciante - Bono \u00abJOVE MERCAT\u00bb Alcoy","robots":{"index":"index","follow":"follow","max-snippet":"max-snippet:-1","max-image-preview":"max-image-preview:large","max-video-preview":"max-video-preview:-1"},"canonical":"https:\/\/alcoibonsconsum.es\/informacion-para-el-comerciante\/","og_locale":"es_ES","og_type":"article","og_title":"Informaci\u00f3n para el comerciante - Bono \u00abJOVE MERCAT\u00bb Alcoy","og_description":"[vc_row][vc_column][vc_column_text] INFORMACI\u00d3N PARA EL COMERCIO [\/vc_column_text][\/vc_column][\/vc_row][vc_row el_class=\u00bbtextos_pdf\u00bb][vc_column][vc_column_text]QU\u00c9 ES EL BONO DIGITAL \u00abJOVEN MERCAT\u00bb ALCOI El Ajuntament d\u2019Alcoi otorga, en colaboraci\u00f3n con la C\u00e1mara de Comercio y la Generalitat Valenciana, subvenciones en forma de bonos consumo para ser utilizados en los comercios ubicados en los mercados municipales de San Roque, San Mateo y Zona Norte, y [&hellip;]","og_url":"https:\/\/alcoibonsconsum.es\/informacion-para-el-comerciante\/","og_site_name":"Bono \u00abJOVE MERCAT\u00bb Alcoy","article_modified_time":"2025-08-04T13:30:31+00:00","twitter_card":"summary_large_image","twitter_misc":{"Tiempo de lectura":"5 minutos"},"schema":{"@context":"https:\/\/schema.org","@graph":[{"@type":"WebPage","@id":"https:\/\/alcoibonsconsum.es\/informacion-para-el-comerciante\/","url":"https:\/\/alcoibonsconsum.es\/informacion-para-el-comerciante\/","name":"Informaci\u00f3n para el comerciante - Bono \u00abJOVE MERCAT\u00bb Alcoy","isPartOf":{"@id":"https:\/\/alcoibonsconsum.es\/#website"},"datePublished":"2021-09-09T08:34:50+00:00","dateModified":"2025-08-04T13:30:31+00:00","breadcrumb":{"@id":"https:\/\/alcoibonsconsum.es\/informacion-para-el-comerciante\/#breadcrumb"},"inLanguage":"es","potentialAction":[{"@type":"ReadAction","target":["https:\/\/alcoibonsconsum.es\/informacion-para-el-comerciante\/"]}]},{"@type":"BreadcrumbList","@id":"https:\/\/alcoibonsconsum.es\/informacion-para-el-comerciante\/#breadcrumb","itemListElement":[{"@type":"ListItem","position":1,"name":"Portada","item":"https:\/\/alcoibonsconsum.es\/es\/"},{"@type":"ListItem","position":2,"name":"Informaci\u00f3n para el comerciante"}]},{"@type":"WebSite","@id":"https:\/\/alcoibonsconsum.es\/#website","url":"https:\/\/alcoibonsconsum.es\/","name":"Bono \u00abJOVE MERCAT\u00bb Alcoy","description":"Bono \u00abJOVE MERCAT\u00bb Alcoy","potentialAction":[{"@type":"SearchAction","target":{"@type":"EntryPoint","urlTemplate":"https:\/\/alcoibonsconsum.es\/?s={search_term_string}"},"query-input":{"@type":"PropertyValueSpecification","valueRequired":true,"valueName":"search_term_string"}}],"inLanguage":"es"}]}},"_links":{"self":[{"href":"https:\/\/alcoibonsconsum.es\/es\/wp-json\/wp\/v2\/pages\/259","targetHints":{"allow":["GET"]}}],"collection":[{"href":"https:\/\/alcoibonsconsum.es\/es\/wp-json\/wp\/v2\/pages"}],"about":[{"href":"https:\/\/alcoibonsconsum.es\/es\/wp-json\/wp\/v2\/types\/page"}],"author":[{"embeddable":true,"href":"https:\/\/alcoibonsconsum.es\/es\/wp-json\/wp\/v2\/users\/6"}],"replies":[{"embeddable":true,"href":"https:\/\/alcoibonsconsum.es\/es\/wp-json\/wp\/v2\/comments?post=259"}],"version-history":[{"count":40,"href":"https:\/\/alcoibonsconsum.es\/es\/wp-json\/wp\/v2\/pages\/259\/revisions"}],"predecessor-version":[{"id":2014,"href":"https:\/\/alcoibonsconsum.es\/es\/wp-json\/wp\/v2\/pages\/259\/revisions\/2014"}],"wp:attachment":[{"href":"https:\/\/alcoibonsconsum.es\/es\/wp-json\/wp\/v2\/media?parent=259"}],"curies":[{"name":"wp","href":"https:\/\/api.w.org\/{rel}","templated":true}]}}