{"id":246,"date":"2021-09-09T08:26:15","date_gmt":"2021-09-09T08:26:15","guid":{"rendered":"https:\/\/bonosvalencia.atic.green\/?page_id=246"},"modified":"2025-08-26T12:35:19","modified_gmt":"2025-08-26T10:35:19","slug":"informacion-para-los-clientes","status":"publish","type":"page","link":"https:\/\/alcoibonsconsum.es\/es\/informacion-para-los-clientes\/","title":{"rendered":"Informaci\u00f3n para los clientes"},"content":{"rendered":"<p>[vc_row][vc_column][vc_column_text]<\/p>\n<h1>M\u00c1S INFORMACI\u00d3N PARA LOS CLIENTES<\/h1>\n<p>[\/vc_column_text][\/vc_column][\/vc_row][vc_row el_class=\u00bbtextos_pdf\u00bb][vc_column][vc_column_text]<strong>QU\u00c9 ES EL BONO DIGITAL \u00abJOVE MERCAT\u00bb ALCOI<\/strong><\/p>\n<p>El Ajuntament d\u2019Alcoi otorga, en colaboraci\u00f3n con la C\u00e1mara de Comercio y la Generalitat Valenciana, subvenciones en forma de buenos consumo para ser utilizados en los comercios ubicados en los mercados municipales de San Roque, San Mateo y Zona Norte, y que se adhieran a la campa\u00f1a, con la finalidad de fidelizar y captar nueva consumidora de la proximidad.<\/p>\n<p>El \u00e1mbito de actuaci\u00f3n es el t\u00e9rmino municipal de Alcoi y sus mercados municipales. Por tanto, podr\u00e1n adherirse a la campa\u00f1a todos los establecimientos que cumplan las condiciones de participaci\u00f3n contenidas en las bases y que est\u00e9n situados en los mercados municipales.<\/p>\n<p><strong>QUIEN PUEDE ADQUIRIR EL BONO DIGITAL \u00abJOVE MERCAT\u00bb ALCOI<\/strong><\/p>\n<p>Podr\u00e1n beneficiarse de la campa\u00f1a las personas f\u00edsicas empadronadas en Alcoi con edades comprendidas entre 18 y 30 a\u00f1os (ambos inclusive) en el momento de la solicitud, en calidad de clientes de los establecimientos adheridos a la campa\u00f1a y que utilicen los bonos consumo puestos a su disposici\u00f3n.<\/p>\n<p>Las personas beneficiarias deben estar al corriente del pago de impuestos, tasas y otras obligaciones econ\u00f3micas con el ayuntamiento. No podr\u00e1n obtener la condici\u00f3n de beneficiario o beneficiaria las personas en quienes concurra alguna de las circunstancias establecidas en el apartado 2 del art\u00edculo 13 de la LGS.<\/p>\n<p>Los bonos tendr\u00e1n un valor variable (m\u00faltiplos de 1 euro), hasta un m\u00e1ximo de 100 euros por beneficiario. La emisi\u00f3n de bonos ser\u00e1 gratuita para las personas usuarias, con la moneda digital local llamada \u00abAL-COIN\u00bb.<\/p>\n<p>S\u00f3lo se admitir\u00e1 una obtenci\u00f3n de bonos por DNI o NIE. Es decir, una persona s\u00f3lo podr\u00e1 realizar una \u00fanica obtenci\u00f3n hasta el m\u00e1ximo de 100 euros.<\/p>\n<p><strong>D\u00d3NDE Y C\u00d3MO ADQUIRIR EL BONO DIGITAL \u00abJOVE MERCAT\u00bb ALCOI<\/strong><\/p>\n<p>La obtenci\u00f3n de bonos se realizar\u00e1 a partir de las 10:00 del d\u00eda 8 de septiembre a trav\u00e9s de esta p\u00e1gina web, previa validaci\u00f3n del DNI\/NIE y del cumplimiento de los requisitos. Tras la validaci\u00f3n de los bonos, el beneficiario los recibir\u00e1 en formato digital en la direcci\u00f3n de correo electr\u00f3nico que facilite.<\/p>\n<p>Los bonos pueden obtenerse hasta agotar el cr\u00e9dito disponible o finalizaci\u00f3n del plazo para obtenerlo.<\/p>\n<p>Los bonos se presentar\u00e1n en formato digital (c\u00f3digo QR) o impreso, pudiendo utilizarse en cualquiera de los puestos de venta adheridos dentro de los tres mercados municipales mencionados.<\/p>\n<p>El uso de los bonos estar\u00e1 permitido exclusivamente del 8 al 30 de septiembre de 2025. A partir del 1 de octubre los bonos no utilizados perder\u00e1n su validez.<\/p>\n<p>Esta ayuda tiene la consideraci\u00f3n de ganancia patrimonial, a efectos del art\u00edculo 96.2.b) de la Ley 35\/2006, del impuesto sobre la renta de las personas f\u00edsicas.<\/p>\n<p>&nbsp;<\/p>\n<p><strong>QUE COSTE TIENEN LOS BONOS<\/strong><\/p>\n<p>En esta campa\u00f1a los bonos no tienen ning\u00fan coste. A partir del 8 de septiembre podr\u00e1s conseguir bonos hasta 100 euros sin pagar nada por ellos.<\/p>\n<p>&nbsp;<\/p>\n<p><strong>C\u00d3MO UTILIZAR EL BONO DIGITAL \u00abJOVE MERCAT\u00bb ALCOI<\/strong><\/p>\n<p>El Bono Digital \u201cJove Mercat\u201d Alcoi podr\u00e1 ser utilizado desde el momento de la obtenci\u00f3n y validaci\u00f3n, 8 de septiembre, hasta el 30 de septiembre de 2025, fecha de finalizaci\u00f3n de la campa\u00f1a.<\/p>\n<p>Los consumidores presentar\u00e1n el n\u00famero identificador del bono como pago de la compra que realicen en cualquiera de los establecimientos adheridos a la campa\u00f1a. Podr\u00e1n presentarlo en formato electr\u00f3nico con la aplicaci\u00f3n \u201cBono Consume Alcoy\u201d.<\/p>\n<p>Para poder aplicar el bono, ser\u00e1 necesario que el cliente o cliente presente el NIF o el NIE antes de efectuar el pago en el establecimiento.<\/p>\n<p>La utilizaci\u00f3n de los bonos es compatible con cualquier tipo de descuento, oferta o rebaja disponible en el establecimiento para el producto que se desee adquirir.<\/p>\n<p>El listado de establecimientos adheridos en los que se podr\u00e1n cambiar los bonos se puede encontrar en la p\u00e1gina web de la campa\u00f1a.<\/p>\n<p>Los comerciantes tendr\u00e1n que entrar obligatoriamente en la plataforma habilitada con su identificaci\u00f3n de establecimiento y vincular el c\u00f3digo correspondiente al bono con la compra realizada por el cliente en su establecimiento. As\u00ed, el bono quedar\u00e1 desactivado y se impide su reutilizaci\u00f3n.<\/p>\n<p>En el momento del cambio del bono, el comprador deber\u00e1 mostrar su DNI al comerciante para que \u00e9ste pueda asegurarse de que coincide con el del bono.<\/p>\n<p>Llegada la fecha del 1 de octubre de 2025, los bonos no utilizados quedar\u00e1n sin efecto, sin posibilidad de reintegro ni renovaci\u00f3n.<\/p>\n<p>Todos aquellos bonos que no se hayan cambiado de forma v\u00e1lida por los establecimientos, en tiempo y forma a fecha 30 de septiembre de 2025, no podr\u00e1n ser abonados al establecimiento.<\/p>\n<p><strong>HASTA CU\u00c1NDO UTILIZAR EL BONO DIGITAL \u00abJOVE MERCAT\u00bb ALCOI<\/strong><\/p>\n<p>El Bono Digital \u00abJove Mercat\u00bb Alcoi podr\u00e1 ser utilizado para cualquier compra en los comercios adheridos del 8 hasta el 30 de septiembre de 2025. Una vez pasada esta fecha, el o la titular del bono consumo ya no podr\u00e1 usarlo.<\/p>\n<p><strong>SERVICIO DE ATENCI\u00d3N AL USUARIO<\/strong><\/p>\n<p>Los consumidores pueden contactar con la C\u00e1mara de Comercio a trav\u00e9s de atenci\u00f3n telef\u00f3nica en el 96 512 91 03 en horario de 9 ha 14 h, de lunes a viernes, oa trav\u00e9s de la direcci\u00f3n electr\u00f3nica info@alcoibonsconsum.es, que les facilitar\u00e1 el apoyo que puedan necesitar.[\/vc_column_text][\/vc_column][\/vc_row]<\/p>\n","protected":false},"excerpt":{"rendered":"<p>[vc_row][vc_column][vc_column_text] M\u00c1S INFORMACI\u00d3N PARA LOS CLIENTES [\/vc_column_text][\/vc_column][\/vc_row][vc_row el_class=\u00bbtextos_pdf\u00bb][vc_column][vc_column_text]QU\u00c9 ES EL BONO DIGITAL \u00abJOVE MERCAT\u00bb ALCOI El Ajuntament d\u2019Alcoi otorga, en colaboraci\u00f3n con la C\u00e1mara de Comercio y la Generalitat Valenciana, subvenciones en forma de buenos consumo para ser utilizados en los comercios ubicados en los mercados municipales de San Roque, San Mateo y Zona Norte, [&hellip;]<\/p>\n","protected":false},"author":6,"featured_media":0,"parent":0,"menu_order":0,"comment_status":"closed","ping_status":"closed","template":"","meta":{"footnotes":""},"class_list":["post-246","page","type-page","status-publish","hentry"],"yoast_head":"<!-- This site is optimized with the Yoast SEO plugin v25.6 - https:\/\/yoast.com\/wordpress\/plugins\/seo\/ -->\n<title>Informaci\u00f3n para los clientes - Bono \u00abJOVE MERCAT\u00bb Alcoy<\/title>\n<meta name=\"robots\" content=\"index, follow, max-snippet:-1, max-image-preview:large, max-video-preview:-1\" \/>\n<link rel=\"canonical\" href=\"https:\/\/alcoibonsconsum.es\/informacion-para-los-clientes\/\" \/>\n<meta property=\"og:locale\" content=\"es_ES\" \/>\n<meta property=\"og:type\" content=\"article\" \/>\n<meta property=\"og:title\" content=\"Informaci\u00f3n para los clientes - Bono \u00abJOVE MERCAT\u00bb Alcoy\" \/>\n<meta property=\"og:description\" content=\"[vc_row][vc_column][vc_column_text] M\u00c1S INFORMACI\u00d3N PARA LOS CLIENTES [\/vc_column_text][\/vc_column][\/vc_row][vc_row el_class=\u00bbtextos_pdf\u00bb][vc_column][vc_column_text]QU\u00c9 ES EL BONO DIGITAL \u00abJOVE MERCAT\u00bb ALCOI El Ajuntament d\u2019Alcoi otorga, en colaboraci\u00f3n con la C\u00e1mara de Comercio y la Generalitat Valenciana, subvenciones en forma de buenos consumo para ser utilizados en los comercios ubicados en los mercados municipales de San Roque, San Mateo y Zona Norte, [&hellip;]\" \/>\n<meta property=\"og:url\" content=\"https:\/\/alcoibonsconsum.es\/informacion-para-los-clientes\/\" \/>\n<meta property=\"og:site_name\" content=\"Bono \u00abJOVE MERCAT\u00bb Alcoy\" \/>\n<meta property=\"article:modified_time\" content=\"2025-08-26T10:35:19+00:00\" \/>\n<meta name=\"twitter:card\" content=\"summary_large_image\" \/>\n<meta name=\"twitter:label1\" content=\"Tiempo de lectura\" \/>\n\t<meta name=\"twitter:data1\" content=\"5 minutos\" \/>\n<script type=\"application\/ld+json\" class=\"yoast-schema-graph\">{\"@context\":\"https:\/\/schema.org\",\"@graph\":[{\"@type\":\"WebPage\",\"@id\":\"https:\/\/alcoibonsconsum.es\/informacion-para-los-clientes\/\",\"url\":\"https:\/\/alcoibonsconsum.es\/informacion-para-los-clientes\/\",\"name\":\"Informaci\u00f3n para los clientes - Bono \u00abJOVE MERCAT\u00bb Alcoy\",\"isPartOf\":{\"@id\":\"https:\/\/alcoibonsconsum.es\/#website\"},\"datePublished\":\"2021-09-09T08:26:15+00:00\",\"dateModified\":\"2025-08-26T10:35:19+00:00\",\"breadcrumb\":{\"@id\":\"https:\/\/alcoibonsconsum.es\/informacion-para-los-clientes\/#breadcrumb\"},\"inLanguage\":\"es\",\"potentialAction\":[{\"@type\":\"ReadAction\",\"target\":[\"https:\/\/alcoibonsconsum.es\/informacion-para-los-clientes\/\"]}]},{\"@type\":\"BreadcrumbList\",\"@id\":\"https:\/\/alcoibonsconsum.es\/informacion-para-los-clientes\/#breadcrumb\",\"itemListElement\":[{\"@type\":\"ListItem\",\"position\":1,\"name\":\"Portada\",\"item\":\"https:\/\/alcoibonsconsum.es\/es\/\"},{\"@type\":\"ListItem\",\"position\":2,\"name\":\"Informaci\u00f3n para los clientes\"}]},{\"@type\":\"WebSite\",\"@id\":\"https:\/\/alcoibonsconsum.es\/#website\",\"url\":\"https:\/\/alcoibonsconsum.es\/\",\"name\":\"Bono \u00abJOVE MERCAT\u00bb Alcoy\",\"description\":\"Bono \u00abJOVE MERCAT\u00bb Alcoy\",\"potentialAction\":[{\"@type\":\"SearchAction\",\"target\":{\"@type\":\"EntryPoint\",\"urlTemplate\":\"https:\/\/alcoibonsconsum.es\/?s={search_term_string}\"},\"query-input\":{\"@type\":\"PropertyValueSpecification\",\"valueRequired\":true,\"valueName\":\"search_term_string\"}}],\"inLanguage\":\"es\"}]}<\/script>\n<!-- \/ Yoast SEO plugin. -->","yoast_head_json":{"title":"Informaci\u00f3n para los clientes - Bono \u00abJOVE MERCAT\u00bb Alcoy","robots":{"index":"index","follow":"follow","max-snippet":"max-snippet:-1","max-image-preview":"max-image-preview:large","max-video-preview":"max-video-preview:-1"},"canonical":"https:\/\/alcoibonsconsum.es\/informacion-para-los-clientes\/","og_locale":"es_ES","og_type":"article","og_title":"Informaci\u00f3n para los clientes - Bono \u00abJOVE MERCAT\u00bb Alcoy","og_description":"[vc_row][vc_column][vc_column_text] M\u00c1S INFORMACI\u00d3N PARA LOS CLIENTES [\/vc_column_text][\/vc_column][\/vc_row][vc_row el_class=\u00bbtextos_pdf\u00bb][vc_column][vc_column_text]QU\u00c9 ES EL BONO DIGITAL \u00abJOVE MERCAT\u00bb ALCOI El Ajuntament d\u2019Alcoi otorga, en colaboraci\u00f3n con la C\u00e1mara de Comercio y la Generalitat Valenciana, subvenciones en forma de buenos consumo para ser utilizados en los comercios ubicados en los mercados municipales de San Roque, San Mateo y Zona Norte, [&hellip;]","og_url":"https:\/\/alcoibonsconsum.es\/informacion-para-los-clientes\/","og_site_name":"Bono \u00abJOVE MERCAT\u00bb Alcoy","article_modified_time":"2025-08-26T10:35:19+00:00","twitter_card":"summary_large_image","twitter_misc":{"Tiempo de lectura":"5 minutos"},"schema":{"@context":"https:\/\/schema.org","@graph":[{"@type":"WebPage","@id":"https:\/\/alcoibonsconsum.es\/informacion-para-los-clientes\/","url":"https:\/\/alcoibonsconsum.es\/informacion-para-los-clientes\/","name":"Informaci\u00f3n para los clientes - Bono \u00abJOVE MERCAT\u00bb Alcoy","isPartOf":{"@id":"https:\/\/alcoibonsconsum.es\/#website"},"datePublished":"2021-09-09T08:26:15+00:00","dateModified":"2025-08-26T10:35:19+00:00","breadcrumb":{"@id":"https:\/\/alcoibonsconsum.es\/informacion-para-los-clientes\/#breadcrumb"},"inLanguage":"es","potentialAction":[{"@type":"ReadAction","target":["https:\/\/alcoibonsconsum.es\/informacion-para-los-clientes\/"]}]},{"@type":"BreadcrumbList","@id":"https:\/\/alcoibonsconsum.es\/informacion-para-los-clientes\/#breadcrumb","itemListElement":[{"@type":"ListItem","position":1,"name":"Portada","item":"https:\/\/alcoibonsconsum.es\/es\/"},{"@type":"ListItem","position":2,"name":"Informaci\u00f3n para los clientes"}]},{"@type":"WebSite","@id":"https:\/\/alcoibonsconsum.es\/#website","url":"https:\/\/alcoibonsconsum.es\/","name":"Bono \u00abJOVE MERCAT\u00bb Alcoy","description":"Bono \u00abJOVE MERCAT\u00bb Alcoy","potentialAction":[{"@type":"SearchAction","target":{"@type":"EntryPoint","urlTemplate":"https:\/\/alcoibonsconsum.es\/?s={search_term_string}"},"query-input":{"@type":"PropertyValueSpecification","valueRequired":true,"valueName":"search_term_string"}}],"inLanguage":"es"}]}},"_links":{"self":[{"href":"https:\/\/alcoibonsconsum.es\/es\/wp-json\/wp\/v2\/pages\/246","targetHints":{"allow":["GET"]}}],"collection":[{"href":"https:\/\/alcoibonsconsum.es\/es\/wp-json\/wp\/v2\/pages"}],"about":[{"href":"https:\/\/alcoibonsconsum.es\/es\/wp-json\/wp\/v2\/types\/page"}],"author":[{"embeddable":true,"href":"https:\/\/alcoibonsconsum.es\/es\/wp-json\/wp\/v2\/users\/6"}],"replies":[{"embeddable":true,"href":"https:\/\/alcoibonsconsum.es\/es\/wp-json\/wp\/v2\/comments?post=246"}],"version-history":[{"count":57,"href":"https:\/\/alcoibonsconsum.es\/es\/wp-json\/wp\/v2\/pages\/246\/revisions"}],"predecessor-version":[{"id":2115,"href":"https:\/\/alcoibonsconsum.es\/es\/wp-json\/wp\/v2\/pages\/246\/revisions\/2115"}],"wp:attachment":[{"href":"https:\/\/alcoibonsconsum.es\/es\/wp-json\/wp\/v2\/media?parent=246"}],"curies":[{"name":"wp","href":"https:\/\/api.w.org\/{rel}","templated":true}]}}